{"id":797,"date":"2025-06-28T09:33:32","date_gmt":"2025-06-28T07:33:32","guid":{"rendered":"https:\/\/www.zomn-press.com.pl\/contact\/"},"modified":"2025-07-11T15:33:38","modified_gmt":"2025-07-11T13:33:38","slug":"contact","status":"publish","type":"page","link":"https:\/\/www.zomn-press.com.pl\/en\/contact\/","title":{"rendered":"Contact"},"content":{"rendered":"<section id=\"contact\" class=\"c_contact-page mb-[60px] sm:mb-[118px] pt-[30px] sm:pt-[40px]\">\n    <div class=\"container mx-auto\">\n      <div class=\"flex items-center justify-between mb-[40px] sm:mb-[90px] flex-col sm:flex-row\">\n        <div class=\"w-full\">\n          <h2 class=\"font-manrope font-extrabold text-[28px] sm:text-[42px] mb-[30px] sm:mb-[50px] leading-[1.2] text-black\">Contact Us<\/h2>          <p class=\"font-roboto text-[17px] font-bold text-secondary-30 my-[3px]\">Z.O.M.N PRESS<\/p>          <p class=\"font-roboto text-[17px] text-secondary-30 my-[3px]\">42-350 Kozieg\u0142owy-Lgota Nadwarcie<\/p>          <p class=\"font-roboto text-[17px] text-secondary-30 my-[3px]\">ul. Akacjowa 18<\/p>          <p class=\"font-roboto text-[17px] text-secondary-30 my-[3px]\">NIP: 577 000 0228<\/p>                      <div class=\"mt-[20px]\">\n              <div class=\"flex items-center justify-start\"><a href=\"tel: (+48) 34 314 24 26\" class=\"c_btn c_btn__secondary__big c_btn__icon c_btn__icon--phone\" title=\"Contact telephone number\"><span>(+48) 34 314 24 26<\/span><\/a><\/div>              <p class=\"mt-[20px]\"><a href=\"mailto: kontakt@zomn-press.com.pl\" class=\"text-[21px] font-bold text-primary-0 hover:text-primary-10 c_hover\" title=\"Contact email\">kontakt@zomn-press.com.pl<\/a><\/p>            <\/div>\n                  <\/div>\n        <div class=\"mt-[40px] sm:mt-0 min-w-full max-w-full sm:min-w-[360px] sm:max-w-[360px] md:min-w-[420px] md:max-w-[420px] lg:min-w-[600px] lg:max-w-[600px] xl:min-w-[840px] xl:max-w-[840px] h-[432px] rounded-[15px] overflow-hidden\"><iframe loading=\"lazy\" width=\"100%\" height=\"600\" frameborder=\"0\" scrolling=\"no\" marginheight=\"0\" marginwidth=\"0\" src=\"https:\/\/maps.google.com\/maps?width=100%25&amp;height=600&amp;hl=en&amp;q=42-350 Kozieg\u0142owy-Lgota Nadwarcie ul. Acacia 18&amp;t=&amp;z=14&amp;ie=UTF8&amp;iwloc=B&amp;output=embed\"><\/iframe><\/div>      <\/div>\n              <div class=\"c_contact-page max-w-[846px] mx-auto\">\n          <h2 class=\"font-manrope font-extrabold text-[28px] sm:text-[42px] mb-[30px] sm:mb-[60px] leading-[1.2] text-center text-secondary-40\">Contact form<\/h2>          <div>\n                                        \n<div class=\"wpcf7 no-js\" id=\"wpcf7-f882-o1\" lang=\"en-US\" dir=\"ltr\" data-wpcf7-id=\"882\">\n<div class=\"screen-reader-response\"><p role=\"status\" aria-live=\"polite\" aria-atomic=\"true\"><\/p> <ul><\/ul><\/div>\n<form action=\"\/en\/wp-json\/wp\/v2\/pages\/797#wpcf7-f882-o1\" method=\"post\" class=\"wpcf7-form init wpcf7-acceptance-as-validation\" aria-label=\"Contact form\" novalidate=\"novalidate\" data-status=\"init\">\n<fieldset class=\"hidden-fields-container\"><input type=\"hidden\" name=\"_wpcf7\" value=\"882\" \/><input type=\"hidden\" name=\"_wpcf7_version\" value=\"6.1\" \/><input type=\"hidden\" name=\"_wpcf7_locale\" value=\"en_US\" \/><input type=\"hidden\" name=\"_wpcf7_unit_tag\" value=\"wpcf7-f882-o1\" \/><input type=\"hidden\" name=\"_wpcf7_container_post\" value=\"0\" \/><input type=\"hidden\" name=\"_wpcf7_posted_data_hash\" value=\"\" \/>\n<\/fieldset>\n<div class=\"c_form\">\n  <div class=\"c_form__row\">\n     <div class=\"c_form__row_col\">\n       <label>Imi\u0119 i nazwisko*:\n          <span class=\"wpcf7-form-control-wrap\" data-name=\"your-name\"><input size=\"40\" maxlength=\"400\" class=\"wpcf7-form-control wpcf7-text wpcf7-validates-as-required\" autocomplete=\"name\" aria-required=\"true\" aria-invalid=\"false\" value=\"\" type=\"text\" name=\"your-name\" \/><\/span>\n       <\/label>\n     <\/div>\n     <div class=\"c_form__row_col\">\n       <label>Firma\n          <span class=\"wpcf7-form-control-wrap\" data-name=\"your-company\"><input size=\"40\" maxlength=\"400\" class=\"wpcf7-form-control wpcf7-text\" aria-invalid=\"false\" value=\"\" type=\"text\" name=\"your-company\" \/><\/span>\n       <\/label>\n     <\/div>\n  <\/div>\n  <div class=\"c_form__row\">\n     <div class=\"c_form__row_col\">\n       <label>Adres e-mail*:\n          <span class=\"wpcf7-form-control-wrap\" data-name=\"your-email\"><input size=\"40\" maxlength=\"400\" class=\"wpcf7-form-control wpcf7-email wpcf7-validates-as-required wpcf7-text wpcf7-validates-as-email\" autocomplete=\"email\" aria-required=\"true\" aria-invalid=\"false\" value=\"\" type=\"email\" name=\"your-email\" \/><\/span>\n       <\/label>\n     <\/div>\n     <div class=\"c_form__row_col\">\n       <label>Telefon kontaktowy:\n          <span class=\"wpcf7-form-control-wrap\" data-name=\"tel\"><input size=\"40\" maxlength=\"400\" class=\"wpcf7-form-control wpcf7-tel wpcf7-text wpcf7-validates-as-tel\" aria-invalid=\"false\" value=\"\" type=\"tel\" name=\"tel\" \/><\/span>\n       <\/label>\n     <\/div>\n  <\/div>\n  <div class=\"c_form__row\">\n    <div class=\"c_form__row_col\">\n       <label>Tre\u015b\u0107 wiadomo\u015bci:\n          <span class=\"wpcf7-form-control-wrap\" data-name=\"your-message\"><textarea cols=\"40\" rows=\"10\" maxlength=\"2000\" class=\"wpcf7-form-control wpcf7-textarea\" aria-invalid=\"false\" name=\"your-message\"><\/textarea><\/span>\n       <\/label>\n    <\/div>\n  <\/div>\n  <div class=\"c_form__rules\"><span class=\"wpcf7-form-control-wrap\" data-name=\"akceptuje-polityke\"><span class=\"wpcf7-form-control wpcf7-acceptance\"><span class=\"wpcf7-list-item\"><label><input type=\"checkbox\" name=\"akceptuje-polityke\" value=\"1\" aria-invalid=\"false\" \/><span class=\"wpcf7-list-item-label\">Akceptuje <a href=\"\/polityka-prywatnosci\/\">polityke prywatno\u015bci<\/a><\/span><\/label><\/span><\/span><\/span><\/div>\n  <div class=\"c_form__button\"><input class=\"wpcf7-form-control wpcf7-submit has-spinner\" type=\"submit\" value=\"Wy\u015blij wiadomo\u015b\u0107\" \/><\/div>\n<\/div><div class=\"wpcf7-response-output\" aria-hidden=\"true\"><\/div>\n<\/form>\n<\/div>\n\n                      <\/div>\n        <\/div>\n          <\/div>\n  <\/section>\n\n\n<section id=\"you-have-questions\" class=\"c_contact bg-primary-20\" data-gsap-anim=\"section\">\n    <div class=\"container mx-auto\">\n      <div class=\"flex items-center justify-between w-full pt-[40px] sm:pt-[52px] pb-[40px] sm:pb-[52px] flex-col sm:flex-row gap-[20px]\">\n        <div class=\"min-w-[100%] max-w-[100%] sm:min-w-auto sm:max-w-[40%]\">\n          <h2 class=\"font-manrope font-extrabold text-[30px] text-center sm:text-left leading-[1.1] text-white mb-[20px]\" data-gsap-element=\"heading\">Do you have questions? We will be happy to answer<\/h2>                      <div class=\"font-roboto text-[19px] text-white leading-[1.4]\" data-gsap-element=\"text\">\n              <p>Do you have questions about molds, manufacturing or machining? Contact us &#8211; we will be happy to explain everything.<\/p>\n\n            <\/div>\n                  <\/div>\n        <div class=\"flex items-center justify-center sm:justify-end gap-[22px] sm:gap-[35px] flex-col sm:flex-row\">\n          <div>\n            <p data-gsap-element=\"text\"><a href=\"tel: (+48) 34 314 24 26\" class=\"font-manrope text-[30px] font-extrabold text-white text-right\" title=\"Contact telephone number\">(+48) 34 314 24 26<\/a><\/p>            <p class=\"font-roboto text-[16px] text-white text-right\" data-gsap-element=\"text\">Pon. &#8211; Pt. : 7:00 &#8211; 16:00<\/p>          <\/div>\n          <div>\n                          <div class=\"flex gap-[10px] flex-col\">\n                                                      <a href=\"https:\/\/www.zomn-press.com.pl\/kontakt\/\" class=\"c_btn red-bg c_btn__primary c_btn__icon c_btn__icon--arrow-r\" title=\"Quotation form\" data-gsap-element=\"button\"><span>Quotation form<\/span><div class=\"c_btn__hover\"><\/div><\/a>                                                <\/div>\n                      <\/div>\n        <\/div>\n      <\/div>\n    <\/div>\n  <\/section>\n","protected":false},"excerpt":{"rendered":"","protected":false},"author":1,"featured_media":0,"parent":0,"menu_order":0,"comment_status":"closed","ping_status":"closed","template":"","meta":{"inline_featured_image":false,"footnotes":""},"class_list":["post-797","page","type-page","status-publish","hentry"],"acf":[],"yoast_head":"<!-- This site is optimized with the Yoast SEO plugin v26.0 - https:\/\/yoast.com\/wordpress\/plugins\/seo\/ -->\n<title>Contact - ZOMN PRESS<\/title>\n<meta name=\"robots\" content=\"index, follow, max-snippet:-1, max-image-preview:large, max-video-preview:-1\" \/>\n<link rel=\"canonical\" href=\"https:\/\/www.zomn-press.com.pl\/en\/contact\/\" \/>\n<meta property=\"og:locale\" content=\"en_US\" \/>\n<meta property=\"og:type\" content=\"article\" \/>\n<meta property=\"og:title\" content=\"Contact - ZOMN PRESS\" \/>\n<meta property=\"og:url\" content=\"https:\/\/www.zomn-press.com.pl\/en\/contact\/\" \/>\n<meta property=\"og:site_name\" content=\"ZOMN PRESS\" \/>\n<meta property=\"article:modified_time\" content=\"2025-07-11T13:33:38+00:00\" \/>\n<meta name=\"twitter:card\" content=\"summary_large_image\" \/>\n<script type=\"application\/ld+json\" class=\"yoast-schema-graph\">{\"@context\":\"https:\/\/schema.org\",\"@graph\":[{\"@type\":\"WebPage\",\"@id\":\"https:\/\/www.zomn-press.com.pl\/en\/contact\/\",\"url\":\"https:\/\/www.zomn-press.com.pl\/en\/contact\/\",\"name\":\"Contact - ZOMN PRESS\",\"isPartOf\":{\"@id\":\"https:\/\/www.zomn-press.com.pl\/#website\"},\"datePublished\":\"2025-06-28T07:33:32+00:00\",\"dateModified\":\"2025-07-11T13:33:38+00:00\",\"breadcrumb\":{\"@id\":\"https:\/\/www.zomn-press.com.pl\/en\/contact\/#breadcrumb\"},\"inLanguage\":\"en-US\",\"potentialAction\":[{\"@type\":\"ReadAction\",\"target\":[\"https:\/\/www.zomn-press.com.pl\/en\/contact\/\"]}]},{\"@type\":\"BreadcrumbList\",\"@id\":\"https:\/\/www.zomn-press.com.pl\/en\/contact\/#breadcrumb\",\"itemListElement\":[{\"@type\":\"ListItem\",\"position\":1,\"name\":\"Strona g\u0142\u00f3wna\",\"item\":\"https:\/\/www.zomn-press.com.pl\/en\/\"},{\"@type\":\"ListItem\",\"position\":2,\"name\":\"Contact\"}]},{\"@type\":\"WebSite\",\"@id\":\"https:\/\/www.zomn-press.com.pl\/#website\",\"url\":\"https:\/\/www.zomn-press.com.pl\/\",\"name\":\"ZOMN PRESS\",\"description\":\"\",\"potentialAction\":[{\"@type\":\"SearchAction\",\"target\":{\"@type\":\"EntryPoint\",\"urlTemplate\":\"https:\/\/www.zomn-press.com.pl\/?s={search_term_string}\"},\"query-input\":{\"@type\":\"PropertyValueSpecification\",\"valueRequired\":true,\"valueName\":\"search_term_string\"}}],\"inLanguage\":\"en-US\"}]}<\/script>\n<!-- \/ Yoast SEO plugin. -->","yoast_head_json":{"title":"Contact - ZOMN PRESS","robots":{"index":"index","follow":"follow","max-snippet":"max-snippet:-1","max-image-preview":"max-image-preview:large","max-video-preview":"max-video-preview:-1"},"canonical":"https:\/\/www.zomn-press.com.pl\/en\/contact\/","og_locale":"en_US","og_type":"article","og_title":"Contact - ZOMN PRESS","og_url":"https:\/\/www.zomn-press.com.pl\/en\/contact\/","og_site_name":"ZOMN PRESS","article_modified_time":"2025-07-11T13:33:38+00:00","twitter_card":"summary_large_image","schema":{"@context":"https:\/\/schema.org","@graph":[{"@type":"WebPage","@id":"https:\/\/www.zomn-press.com.pl\/en\/contact\/","url":"https:\/\/www.zomn-press.com.pl\/en\/contact\/","name":"Contact - ZOMN PRESS","isPartOf":{"@id":"https:\/\/www.zomn-press.com.pl\/#website"},"datePublished":"2025-06-28T07:33:32+00:00","dateModified":"2025-07-11T13:33:38+00:00","breadcrumb":{"@id":"https:\/\/www.zomn-press.com.pl\/en\/contact\/#breadcrumb"},"inLanguage":"en-US","potentialAction":[{"@type":"ReadAction","target":["https:\/\/www.zomn-press.com.pl\/en\/contact\/"]}]},{"@type":"BreadcrumbList","@id":"https:\/\/www.zomn-press.com.pl\/en\/contact\/#breadcrumb","itemListElement":[{"@type":"ListItem","position":1,"name":"Strona g\u0142\u00f3wna","item":"https:\/\/www.zomn-press.com.pl\/en\/"},{"@type":"ListItem","position":2,"name":"Contact"}]},{"@type":"WebSite","@id":"https:\/\/www.zomn-press.com.pl\/#website","url":"https:\/\/www.zomn-press.com.pl\/","name":"ZOMN PRESS","description":"","potentialAction":[{"@type":"SearchAction","target":{"@type":"EntryPoint","urlTemplate":"https:\/\/www.zomn-press.com.pl\/?s={search_term_string}"},"query-input":{"@type":"PropertyValueSpecification","valueRequired":true,"valueName":"search_term_string"}}],"inLanguage":"en-US"}]}},"_links":{"self":[{"href":"https:\/\/www.zomn-press.com.pl\/en\/wp-json\/wp\/v2\/pages\/797","targetHints":{"allow":["GET"]}}],"collection":[{"href":"https:\/\/www.zomn-press.com.pl\/en\/wp-json\/wp\/v2\/pages"}],"about":[{"href":"https:\/\/www.zomn-press.com.pl\/en\/wp-json\/wp\/v2\/types\/page"}],"author":[{"embeddable":true,"href":"https:\/\/www.zomn-press.com.pl\/en\/wp-json\/wp\/v2\/users\/1"}],"replies":[{"embeddable":true,"href":"https:\/\/www.zomn-press.com.pl\/en\/wp-json\/wp\/v2\/comments?post=797"}],"version-history":[{"count":3,"href":"https:\/\/www.zomn-press.com.pl\/en\/wp-json\/wp\/v2\/pages\/797\/revisions"}],"predecessor-version":[{"id":884,"href":"https:\/\/www.zomn-press.com.pl\/en\/wp-json\/wp\/v2\/pages\/797\/revisions\/884"}],"wp:attachment":[{"href":"https:\/\/www.zomn-press.com.pl\/en\/wp-json\/wp\/v2\/media?parent=797"}],"curies":[{"name":"wp","href":"https:\/\/api.w.org\/{rel}","templated":true}]}}